{"id":16,"date":"2020-08-04T23:22:05","date_gmt":"2020-08-04T23:22:05","guid":{"rendered":"http:\/\/www.alfaomegamisiones.com\/es\/?page_id=16"},"modified":"2026-02-08T00:02:52","modified_gmt":"2026-02-08T06:02:52","slug":"home","status":"publish","type":"page","link":"https:\/\/www.alfaomegamisiones.com\/es\/","title":{"rendered":"Inicio"},"content":{"rendered":"\t\t<div data-elementor-type=\"wp-page\" data-elementor-id=\"16\" class=\"elementor elementor-16\">\n\t\t\t\t\t\t<section class=\"elementor-section elementor-top-section elementor-element elementor-element-3b7a275 elementor-section-boxed elementor-section-height-default elementor-section-height-default\" data-id=\"3b7a275\" data-element_type=\"section\" data-settings=\"{&quot;background_background&quot;:&quot;classic&quot;}\">\n\t\t\t\t\t\t<div class=\"elementor-container elementor-column-gap-default\">\n\t\t\t\t\t<div class=\"elementor-column elementor-col-100 elementor-top-column elementor-element elementor-element-7a49775\" data-id=\"7a49775\" data-element_type=\"column\">\n\t\t\t<div class=\"elementor-widget-wrap elementor-element-populated\">\n\t\t\t\t\t\t<div class=\"elementor-element elementor-element-a3c8144 elementor-widget elementor-widget-spacer\" data-id=\"a3c8144\" data-element_type=\"widget\" data-widget_type=\"spacer.default\">\n\t\t\t\t<div class=\"elementor-widget-container\">\n\t\t\t\t\t<div class=\"elementor-spacer\">\n\t\t\t<div class=\"elementor-spacer-inner\"><\/div>\n\t\t<\/div>\n\t\t\t\t<\/div>\n\t\t\t\t<\/div>\n\t\t\t\t<div class=\"elementor-element elementor-element-c84eeb6 elementor-widget elementor-widget-heading\" data-id=\"c84eeb6\" data-element_type=\"widget\" data-widget_type=\"heading.default\">\n\t\t\t\t<div class=\"elementor-widget-container\">\n\t\t\t<h1 class=\"elementor-heading-title elementor-size-default\">  El que cree en el Hijo tiene vida eterna; pero el que reh\u00fasa creer en el Hijo no ver\u00e1 la vida, sino que la ira de Dios est\u00e1 sobre \u00e9l.      <\/h1>\t\t<\/div>\n\t\t\t\t<\/div>\n\t\t\t\t<div class=\"elementor-element elementor-element-f8ee76b elementor-widget elementor-widget-heading\" data-id=\"f8ee76b\" data-element_type=\"widget\" data-widget_type=\"heading.default\">\n\t\t\t\t<div class=\"elementor-widget-container\">\n\t\t\t<h3 class=\"elementor-heading-title elementor-size-default\">Juan 3:36<\/h3>\t\t<\/div>\n\t\t\t\t<\/div>\n\t\t\t\t\t<\/div>\n\t\t<\/div>\n\t\t\t\t\t<\/div>\n\t\t<\/section>\n\t\t\t\t<section class=\"elementor-section elementor-top-section elementor-element elementor-element-6c75a0a7 elementor-section-content-middle elementor-section-boxed elementor-section-height-default elementor-section-height-default\" data-id=\"6c75a0a7\" data-element_type=\"section\" data-settings=\"{&quot;background_background&quot;:&quot;classic&quot;}\">\n\t\t\t\t\t\t<div class=\"elementor-container elementor-column-gap-default\">\n\t\t\t\t\t<div class=\"elementor-column elementor-col-50 elementor-top-column elementor-element elementor-element-1796e8aa\" data-id=\"1796e8aa\" data-element_type=\"column\">\n\t\t\t<div class=\"elementor-widget-wrap elementor-element-populated\">\n\t\t\t\t\t\t<div class=\"elementor-element elementor-element-6210692d elementor-widget elementor-widget-heading\" data-id=\"6210692d\" data-element_type=\"widget\" data-widget_type=\"heading.default\">\n\t\t\t\t<div class=\"elementor-widget-container\">\n\t\t\t<h2 class=\"elementor-heading-title elementor-size-default\">Tenemos buenas noticias para t\u00ed.<\/h2>\t\t<\/div>\n\t\t\t\t<\/div>\n\t\t\t\t\t<\/div>\n\t\t<\/div>\n\t\t\t\t<div class=\"elementor-column elementor-col-50 elementor-top-column elementor-element elementor-element-5ea1d392\" data-id=\"5ea1d392\" data-element_type=\"column\">\n\t\t\t<div class=\"elementor-widget-wrap elementor-element-populated\">\n\t\t\t\t\t\t<div class=\"elementor-element elementor-element-335154e1 elementor-align-left elementor-mobile-align-left elementor-widget elementor-widget-button\" data-id=\"335154e1\" data-element_type=\"widget\" data-widget_type=\"button.default\">\n\t\t\t\t<div class=\"elementor-widget-container\">\n\t\t\t\t\t<div class=\"elementor-button-wrapper\">\n\t\t\t<a class=\"elementor-button elementor-button-link elementor-size-xs elementor-animation-shrink\" href=\"https:\/\/www.alfaomegamisiones.com\/es\/buenas-noticias\/\">\n\t\t\t\t\t\t<span class=\"elementor-button-content-wrapper\">\n\t\t\t\t\t\t\t\t\t<span class=\"elementor-button-text\">Ver <\/span>\n\t\t\t\t\t<\/span>\n\t\t\t\t\t<\/a>\n\t\t<\/div>\n\t\t\t\t<\/div>\n\t\t\t\t<\/div>\n\t\t\t\t\t<\/div>\n\t\t<\/div>\n\t\t\t\t\t<\/div>\n\t\t<\/section>\n\t\t\t\t<section class=\"elementor-section elementor-top-section elementor-element elementor-element-91f74b1 elementor-section-boxed elementor-section-height-default elementor-section-height-default\" data-id=\"91f74b1\" data-element_type=\"section\">\n\t\t\t\t\t\t<div class=\"elementor-container elementor-column-gap-default\">\n\t\t\t\t\t<div class=\"elementor-column elementor-col-100 elementor-top-column elementor-element elementor-element-6956ce5\" data-id=\"6956ce5\" data-element_type=\"column\">\n\t\t\t<div class=\"elementor-widget-wrap elementor-element-populated\">\n\t\t\t\t\t\t<div class=\"elementor-element elementor-element-f2d6cdc elementor-widget elementor-widget-spacer\" data-id=\"f2d6cdc\" data-element_type=\"widget\" data-widget_type=\"spacer.default\">\n\t\t\t\t<div class=\"elementor-widget-container\">\n\t\t\t\t\t<div class=\"elementor-spacer\">\n\t\t\t<div class=\"elementor-spacer-inner\"><\/div>\n\t\t<\/div>\n\t\t\t\t<\/div>\n\t\t\t\t<\/div>\n\t\t\t\t<div class=\"elementor-element elementor-element-c3b24e9 elementor-widget elementor-widget-heading\" data-id=\"c3b24e9\" data-element_type=\"widget\" data-widget_type=\"heading.default\">\n\t\t\t\t<div class=\"elementor-widget-container\">\n\t\t\t<h2 class=\"elementor-heading-title elementor-size-default\">Bienvenido al sitio web Alfa y Omega Misiones<\/h2>\t\t<\/div>\n\t\t\t\t<\/div>\n\t\t\t\t<div class=\"elementor-element elementor-element-d146597 elementor-widget elementor-widget-spacer\" data-id=\"d146597\" data-element_type=\"widget\" data-widget_type=\"spacer.default\">\n\t\t\t\t<div class=\"elementor-widget-container\">\n\t\t\t\t\t<div class=\"elementor-spacer\">\n\t\t\t<div class=\"elementor-spacer-inner\"><\/div>\n\t\t<\/div>\n\t\t\t\t<\/div>\n\t\t\t\t<\/div>\n\t\t\t\t\t<\/div>\n\t\t<\/div>\n\t\t\t\t\t<\/div>\n\t\t<\/section>\n\t\t\t\t<section class=\"elementor-section elementor-top-section elementor-element elementor-element-35bfc52 elementor-section-boxed elementor-section-height-default elementor-section-height-default\" data-id=\"35bfc52\" data-element_type=\"section\">\n\t\t\t\t\t\t<div class=\"elementor-container elementor-column-gap-default\">\n\t\t\t\t\t<div class=\"elementor-column elementor-col-33 elementor-top-column elementor-element elementor-element-f4c764b\" data-id=\"f4c764b\" data-element_type=\"column\">\n\t\t\t<div class=\"elementor-widget-wrap\">\n\t\t\t\t\t\t\t<\/div>\n\t\t<\/div>\n\t\t\t\t<div class=\"elementor-column elementor-col-33 elementor-top-column elementor-element elementor-element-c5fc23e\" data-id=\"c5fc23e\" data-element_type=\"column\">\n\t\t\t<div class=\"elementor-widget-wrap elementor-element-populated\">\n\t\t\t\t\t\t<div class=\"elementor-element elementor-element-885fbdf elementor-widget__width-initial elementor-widget elementor-widget-html\" data-id=\"885fbdf\" data-element_type=\"widget\" data-widget_type=\"html.default\">\n\t\t\t\t<div class=\"elementor-widget-container\">\n\t\t\t\n\n<script src=\"https:\/\/fast.wistia.com\/player.js\" async><\/script><script src=\"https:\/\/fast.wistia.com\/embed\/tfj2uaczcn.js\" async type=\"module\"><\/script><style>wistia-player[media-id='tfj2uaczcn']:not(:defined) { background: center \/ contain no-repeat url('https:\/\/fast.wistia.com\/embed\/medias\/tfj2uaczcn\/swatch'); display: block; filter: blur(5px); padding-top:176.67%; }<\/style> <wistia-player media-id=\"tfj2uaczcn\" aspect=\"0.5660377358490566\"><\/wistia-player>\t\t<\/div>\n\t\t\t\t<\/div>\n\t\t\t\t\t<\/div>\n\t\t<\/div>\n\t\t\t\t<div class=\"elementor-column elementor-col-33 elementor-top-column elementor-element elementor-element-f860774\" data-id=\"f860774\" data-element_type=\"column\">\n\t\t\t<div class=\"elementor-widget-wrap\">\n\t\t\t\t\t\t\t<\/div>\n\t\t<\/div>\n\t\t\t\t\t<\/div>\n\t\t<\/section>\n\t\t\t\t<section class=\"elementor-section elementor-top-section elementor-element elementor-element-0094da2 elementor-section-boxed elementor-section-height-default elementor-section-height-default\" data-id=\"0094da2\" data-element_type=\"section\">\n\t\t\t\t\t\t<div class=\"elementor-container elementor-column-gap-default\">\n\t\t\t\t\t<div class=\"elementor-column elementor-col-100 elementor-top-column elementor-element elementor-element-3d2cfda\" data-id=\"3d2cfda\" data-element_type=\"column\">\n\t\t\t<div class=\"elementor-widget-wrap elementor-element-populated\">\n\t\t\t\t\t\t<div class=\"elementor-element elementor-element-8442a46 elementor-widget elementor-widget-spacer\" data-id=\"8442a46\" data-element_type=\"widget\" data-widget_type=\"spacer.default\">\n\t\t\t\t<div class=\"elementor-widget-container\">\n\t\t\t\t\t<div class=\"elementor-spacer\">\n\t\t\t<div class=\"elementor-spacer-inner\"><\/div>\n\t\t<\/div>\n\t\t\t\t<\/div>\n\t\t\t\t<\/div>\n\t\t\t\t<div class=\"elementor-element elementor-element-4539700 elementor-widget elementor-widget-text-editor\" data-id=\"4539700\" data-element_type=\"widget\" data-widget_type=\"text-editor.default\">\n\t\t\t\t<div class=\"elementor-widget-container\">\n\t\t\t\t\t\t\t<p class=\"p1\"><span class=\"s1\">Queremos ayudarte en tu crecimiento espiritual, para ello hemos dise\u00f1ado un curso de disc\u00edpulado para nuevos creyentes totalmente gratis.<\/span><\/p>\t\t\t\t\t\t<\/div>\n\t\t\t\t<\/div>\n\t\t\t\t\t<\/div>\n\t\t<\/div>\n\t\t\t\t\t<\/div>\n\t\t<\/section>\n\t\t\t\t<section class=\"elementor-section elementor-top-section elementor-element elementor-element-d4b21b6 elementor-section-boxed elementor-section-height-default elementor-section-height-default\" data-id=\"d4b21b6\" data-element_type=\"section\">\n\t\t\t\t\t\t<div class=\"elementor-container elementor-column-gap-default\">\n\t\t\t\t\t<div class=\"elementor-column elementor-col-100 elementor-top-column elementor-element elementor-element-321310b\" data-id=\"321310b\" data-element_type=\"column\">\n\t\t\t<div class=\"elementor-widget-wrap elementor-element-populated\">\n\t\t\t\t\t\t<div class=\"elementor-element elementor-element-c482517 elementor-widget elementor-widget-image\" data-id=\"c482517\" data-element_type=\"widget\" data-widget_type=\"image.default\">\n\t\t\t\t<div class=\"elementor-widget-container\">\n\t\t\t\t\t\t\t\t\t\t\t\t\t<img fetchpriority=\"high\" decoding=\"async\" width=\"480\" height=\"539\" src=\"https:\/\/www.alfaomegamisiones.com\/es\/wp-content\/uploads\/sites\/2\/2022\/11\/Foto1.png\" class=\"attachment-large size-large wp-image-4503\" alt=\"\" srcset=\"https:\/\/www.alfaomegamisiones.com\/es\/wp-content\/uploads\/sites\/2\/2022\/11\/Foto1.png 480w, https:\/\/www.alfaomegamisiones.com\/es\/wp-content\/uploads\/sites\/2\/2022\/11\/Foto1-267x300.png 267w, https:\/\/www.alfaomegamisiones.com\/es\/wp-content\/uploads\/sites\/2\/2022\/11\/Foto1-89x100.png 89w\" sizes=\"(max-width: 480px) 100vw, 480px\" \/>\t\t\t\t\t\t\t\t\t\t\t\t\t<\/div>\n\t\t\t\t<\/div>\n\t\t\t\t<div class=\"elementor-element elementor-element-8b571b9 elementor-widget__width-initial elementor-widget elementor-widget-wp-widget-media_audio\" data-id=\"8b571b9\" data-element_type=\"widget\" data-widget_type=\"wp-widget-media_audio.default\">\n\t\t\t\t<div class=\"elementor-widget-container\">\n\t\t\t<!--[if lt IE 9]><script>document.createElement('audio');<\/script><![endif]-->\n<audio class=\"wp-audio-shortcode\" id=\"audio-16-1\" preload=\"none\" style=\"width: 100%;\" controls=\"controls\"><source type=\"audio\/mpeg\" src=\"https:\/\/www.alfaomegamisiones.com\/es\/wp-content\/uploads\/sites\/2\/2022\/11\/Bienvenida.mp3?_=1\" \/><source type=\"audio\/mpeg\" src=\"https:\/\/www.alfaomegamisiones.com\/es\/wp-content\/uploads\/sites\/2\/2022\/11\/Bienvenida.mp3?_=1\" \/><a href=\"https:\/\/www.alfaomegamisiones.com\/es\/wp-content\/uploads\/sites\/2\/2022\/11\/Bienvenida.mp3\">https:\/\/www.alfaomegamisiones.com\/es\/wp-content\/uploads\/sites\/2\/2022\/11\/Bienvenida.mp3<\/a><\/audio>\t\t<\/div>\n\t\t\t\t<\/div>\n\t\t\t\t\t<\/div>\n\t\t<\/div>\n\t\t\t\t\t<\/div>\n\t\t<\/section>\n\t\t\t\t<section class=\"elementor-section elementor-top-section elementor-element elementor-element-923f8a9 elementor-section-boxed elementor-section-height-default elementor-section-height-default\" data-id=\"923f8a9\" data-element_type=\"section\">\n\t\t\t\t\t\t<div class=\"elementor-container elementor-column-gap-default\">\n\t\t\t\t\t<div class=\"elementor-column elementor-col-100 elementor-top-column elementor-element elementor-element-5e5315d\" data-id=\"5e5315d\" data-element_type=\"column\">\n\t\t\t<div class=\"elementor-widget-wrap elementor-element-populated\">\n\t\t\t\t\t\t<div class=\"elementor-element elementor-element-8f505cf elementor-widget elementor-widget-spacer\" data-id=\"8f505cf\" data-element_type=\"widget\" data-widget_type=\"spacer.default\">\n\t\t\t\t<div class=\"elementor-widget-container\">\n\t\t\t\t\t<div class=\"elementor-spacer\">\n\t\t\t<div class=\"elementor-spacer-inner\"><\/div>\n\t\t<\/div>\n\t\t\t\t<\/div>\n\t\t\t\t<\/div>\n\t\t\t\t\t<\/div>\n\t\t<\/div>\n\t\t\t\t\t<\/div>\n\t\t<\/section>\n\t\t\t\t<\/div>\n\t\t","protected":false},"excerpt":{"rendered":"<p>El que cree en el Hijo tiene vida eterna; pero el que reh\u00fasa creer en el Hijo no ver\u00e1 la vida, sino que la ira de Dios est\u00e1 sobre \u00e9l. Juan 3:36 Tenemos buenas noticias para t\u00ed. Ver Bienvenido al sitio web Alfa y Omega Misiones Queremos ayudarte en tu crecimiento espiritual, para ello hemos &hellip;<\/p>\n<p class=\"read-more\"> <a class=\"\" href=\"https:\/\/www.alfaomegamisiones.com\/es\/\"> <span class=\"screen-reader-text\">Inicio<\/span> Leer m\u00e1s &raquo;<\/a><\/p>\n","protected":false},"author":1,"featured_media":0,"parent":0,"menu_order":0,"comment_status":"closed","ping_status":"closed","template":"","meta":{"site-sidebar-layout":"no-sidebar","site-content-layout":"page-builder","ast-global-header-display":"","ast-main-header-display":"","ast-hfb-above-header-display":"","ast-hfb-below-header-display":"","ast-hfb-mobile-header-display":"","site-post-title":"disabled","ast-breadcrumbs-content":"","ast-featured-img":"","footer-sml-layout":"","theme-transparent-header-meta":"default","adv-header-id-meta":"","stick-header-meta":"","header-above-stick-meta":"","header-main-stick-meta":"","header-below-stick-meta":"","footnotes":""},"_links":{"self":[{"href":"https:\/\/www.alfaomegamisiones.com\/es\/wp-json\/wp\/v2\/pages\/16"}],"collection":[{"href":"https:\/\/www.alfaomegamisiones.com\/es\/wp-json\/wp\/v2\/pages"}],"about":[{"href":"https:\/\/www.alfaomegamisiones.com\/es\/wp-json\/wp\/v2\/types\/page"}],"author":[{"embeddable":true,"href":"https:\/\/www.alfaomegamisiones.com\/es\/wp-json\/wp\/v2\/users\/1"}],"replies":[{"embeddable":true,"href":"https:\/\/www.alfaomegamisiones.com\/es\/wp-json\/wp\/v2\/comments?post=16"}],"version-history":[{"count":221,"href":"https:\/\/www.alfaomegamisiones.com\/es\/wp-json\/wp\/v2\/pages\/16\/revisions"}],"predecessor-version":[{"id":4918,"href":"https:\/\/www.alfaomegamisiones.com\/es\/wp-json\/wp\/v2\/pages\/16\/revisions\/4918"}],"wp:attachment":[{"href":"https:\/\/www.alfaomegamisiones.com\/es\/wp-json\/wp\/v2\/media?parent=16"}],"curies":[{"name":"wp","href":"https:\/\/api.w.org\/{rel}","templated":true}]}}