{"id":4171,"date":"2021-09-15T10:51:11","date_gmt":"2021-09-15T15:51:11","guid":{"rendered":"https:\/\/www.alfaomegamisiones.com\/es\/?page_id=4171"},"modified":"2022-11-21T17:56:58","modified_gmt":"2022-11-21T23:56:58","slug":"el-antidoto","status":"publish","type":"page","link":"https:\/\/www.alfaomegamisiones.com\/es\/el-antidoto\/","title":{"rendered":"El ant\u00eddoto"},"content":{"rendered":"\t\t<div data-elementor-type=\"wp-page\" data-elementor-id=\"4171\" class=\"elementor elementor-4171\">\n\t\t\t\t\t\t<section class=\"elementor-section elementor-top-section elementor-element elementor-element-923f32d elementor-section-boxed elementor-section-height-default elementor-section-height-default\" data-id=\"923f32d\" data-element_type=\"section\">\n\t\t\t\t\t\t<div class=\"elementor-container elementor-column-gap-default\">\n\t\t\t\t\t<div class=\"elementor-column elementor-col-100 elementor-top-column elementor-element elementor-element-fec9531\" data-id=\"fec9531\" data-element_type=\"column\">\n\t\t\t<div class=\"elementor-widget-wrap elementor-element-populated\">\n\t\t\t\t\t\t<div class=\"elementor-element elementor-element-816de6d elementor-widget elementor-widget-spacer\" data-id=\"816de6d\" data-element_type=\"widget\" data-widget_type=\"spacer.default\">\n\t\t\t\t<div class=\"elementor-widget-container\">\n\t\t\t\t\t<div class=\"elementor-spacer\">\n\t\t\t<div class=\"elementor-spacer-inner\"><\/div>\n\t\t<\/div>\n\t\t\t\t<\/div>\n\t\t\t\t<\/div>\n\t\t\t\t<div class=\"elementor-element elementor-element-0b3428c elementor-widget elementor-widget-heading\" data-id=\"0b3428c\" data-element_type=\"widget\" data-widget_type=\"heading.default\">\n\t\t\t\t<div class=\"elementor-widget-container\">\n\t\t\t<h4 class=\"elementor-heading-title elementor-size-default\">El Ant\u00eddoto<\/h4>\t\t<\/div>\n\t\t\t\t<\/div>\n\t\t\t\t\t<\/div>\n\t\t<\/div>\n\t\t\t\t\t<\/div>\n\t\t<\/section>\n\t\t\t\t<section class=\"elementor-section elementor-top-section elementor-element elementor-element-560811c elementor-section-boxed elementor-section-height-default elementor-section-height-default\" data-id=\"560811c\" data-element_type=\"section\">\n\t\t\t\t\t\t<div class=\"elementor-container elementor-column-gap-default\">\n\t\t\t\t\t<div class=\"elementor-column elementor-col-100 elementor-top-column elementor-element elementor-element-473f8af\" data-id=\"473f8af\" data-element_type=\"column\">\n\t\t\t<div class=\"elementor-widget-wrap elementor-element-populated\">\n\t\t\t\t\t\t<div class=\"elementor-element elementor-element-f05031c elementor-widget elementor-widget-text-editor\" data-id=\"f05031c\" data-element_type=\"widget\" data-widget_type=\"text-editor.default\">\n\t\t\t\t<div class=\"elementor-widget-container\">\n\t\t\t\t\t\t\t<p class=\"parrafos\">En estos d\u00edas es muy dif\u00edcil encontrar buenas noticias. Los medios de comunicaci\u00f3n son negativos llenos de malas noticias. Pesimismo est\u00e1 alrededor de nosotros.<\/p>\n<p class=\"parrafos\">\u00bfQuieres buenas noticias? Si est\u00e1s dispuesto a tomar unos momentos de su tiempo para leerlas, puedo asegurarle que esto ser\u00e1 la mejor noticia de su vida.<\/p>\n<p class=\"parrafos\">Pero para entender y recibir estas muy buenas noticias, primeramente, necesitamos entender claramente quienes somos.<\/p>\n<p class=\"parrafos\">Perm\u00edtame explicarle: Seg\u00fan la Santa Biblia, por naturaleza no somos buenas personas o, en otras palabras, no somos suficientemente buenos para cumplir con los est\u00e1ndares de Dios.<\/p>\n<p class=\"parrafos\"><b><i>Por cuanto todos pecaron, y est\u00e1n destituidos de la gloria de Dios. Romanos 3:23<\/i><\/b><\/p>\n<p class=\"parrafos\">Estamos fuera de la gloria de Dios, por una cosa llamada pecado.<\/p>\n<p class=\"parrafos\">\u00bfQu\u00e9 es pecado?<\/p>\n<p class=\"parrafos\">Pecado son las malas cosas que hacemos. Por ejemplo: malos pensamientos-malas palabras-groser\u00edas- malas acciones- mentiras-robo-enga\u00f1o- cometiendo adulterio- idolatr\u00eda- ego\u00edsmo-etc.<\/p>\n<p class=\"parrafos\">Todos tenemos problemas con el pecado y nuestro pecado nos separa de Dios nuestro Creador.<\/p>\n<p class=\"parrafos\"><b><i>Romanos 6:23a&nbsp; \u201cPorque la paga del pecado es muerte\u2026.\u201d<\/i><\/b><\/p>\n<p class=\"parrafos\">Esto significa una eternidad de condenaci\u00f3n, lo que significa una separaci\u00f3n de Dios por la eternidad. \u00bfUsted puede imaginar c\u00f3mo ser\u00eda estar sin la presencia de Dios?<\/p>\n<p class=\"parrafos\">Tal vez est\u00e1 pensando, \u00bfQu\u00e9 hay de las cosas buenas que he hecho y de las que estoy haciendo? \u00bfNo cuentan para algo?<\/p>\n<p class=\"parrafos\">Por favor no quiero desanimarlo para hacer cosas buenas pero la Biblia dice:<br><b><i>&#8220;Si bien todos nosotros somos como suciedad, y todas nuestras justicias como trapo de inmundicia\u201d Isa\u00edas 64:6<\/i><\/b><\/p>\n<p class=\"parrafos\">Es triste decirlo, pero no importa que tanto te esfuerces; no puedes salvarte a ti mismo.<br><b><i>&#8220;No por obras, para que nadie se glor\u00ede\u201d Efesios 2:9<\/i><\/b><\/p>\n<p class=\"parrafos\">\u00bfQu\u00e9 pensar\u00eda si le dijera que hay un ant\u00eddoto o una cura? \u00bfLo tomar\u00edas?<\/p>\n<p class=\"parrafos\">Por ejemplo: \u00bfQu\u00e9 pasa si ten\u00eda una enfermedad horrible que va a quitar su vida y fue al doctor y le dijo que hay un ant\u00eddoto o una medicina (sin costo\/gratis) que puede curarlo completamente?<\/p>\n<p class=\"parrafos\">\u00bfQu\u00e9 har\u00edas?<\/p>\n<p class=\"parrafos\">\u00bfRecibes el medicamento y se cura? o \u00bfIr\u00edas a casa simplemente a morir?<\/p>\n<p class=\"parrafos\">Las Buenas Noticias son, que Dios el Creador de todo tiene un regalo (ant\u00eddoto) para usted y no es un premio por haber sido bueno.<\/p>\n<p class=\"parrafos\"><b><i>\u201cMas la d\u00e1diva de Dios es vida eterna en Cristo Jes\u00fas Se\u00f1or nuestro.\u201d Romanos 6:23b<\/i><\/b><\/p>\n<p class=\"parrafos\">La Salvaci\u00f3n es un <b>regalo gratis<\/b> para usted y todos los que est\u00e9n dispuestos a recibirlo. \u00bfPor qu\u00e9 Dios quiere salvar a un pecador?<\/p>\n<p class=\"parrafos\"><b><i>Porque de tal manera am\u00f3 Dios al mundo, que ha dado a su Hijo unig\u00e9nito, para que todo aquel que en \u00e9l cree, no se pierda, m\u00e1s tenga vida eterna. Juan 3:16<\/i><\/b><\/p>\n<p class=\"parrafos\">El amor que Dios tiene por nosotros es incre\u00edble y es mucho m\u00e1s de lo que podemos entender.<\/p>\n<p class=\"parrafos\">Hay gentes que creen que Dios no los ama y dicen que es culpa de Dios por todo lo malo que est\u00e1 pasando, pero no es la verdad. Dios es Perfecto, y no importa la condici\u00f3n del mundo.<\/p>\n<p class=\"parrafos\">Volviendo a las Buenas Noticias. Dios te ama suficiente que dio a su Hijo unig\u00e9nito Jesucristo para morir en una cruz de madera por tu pecado.<\/p>\n<p class=\"parrafos\">\u00a1Eso es amor! La sangre de Cristo pag\u00f3 tu deuda de pecado.<\/p>\n<p class=\"parrafos\"><b><i>Cristo muri\u00f3 por nuestros pecados, conforme a las Escrituras; y que fue sepultado, y que resucit\u00f3 al tercer d\u00eda, conforme a las Escrituras 1 Corintios 15:3b-4\u00aa<\/i><\/b><\/p>\n<p class=\"parrafos\">Las Buenas Noticias son el evangelio de Jesucristo.<\/p>\n<p class=\"parrafos\"><b><i>Que si confesares con tu boca que Jes\u00fas es el Se\u00f1or, y creyeres en tu coraz\u00f3n que Dios le levant\u00f3 de los muertos, ser\u00e1s salvo.&nbsp;Porque con el coraz\u00f3n se cree para justicia, pero con la boca se confiesa para salvaci\u00f3n. Romanos 10:9-10<\/i><\/b><\/p>\n<p class=\"parrafos\">Se necesita m\u00e1s que un conocimiento de Jes\u00fas en la cabeza para ser salvo. Muchos han escuchado el evangelio de Jes\u00fas toda su vida y todav\u00eda est\u00e1n perdidos en sus pecados. Han escucharon la verdad, pero no han permitido a Jes\u00fas entrar en sus vidas para hacer los cambios.<\/p>\n<p class=\"parrafos\"><b><u><i>Para ser salvo de sus pecados:<\/i><\/u><\/b><\/p>\n<p class=\"parrafos\"><b><u><i>Admitir:<\/i><\/u>&nbsp;Habla (ora) con Dios. Confi\u00e9sele que usted es un pecador y necesita de su ayuda.<\/b><\/p>\n<p class=\"parrafos\"><b><u><i>Creer:<\/i><\/u>&nbsp;Por fe cree en tu coraz\u00f3n que el Hijo de Dios, Jesucristo muri\u00f3 en una cruz por tus pecados y tres d\u00edas despu\u00e9s se levant\u00f3 de los muertos. (El resucit\u00f3)<\/b><\/p>\n<p class=\"parrafos\"><b><i>Invitar:&nbsp;<\/i>Dale a Jesucristo una invitaci\u00f3n personal a tomar control de tu vida. No va a entrar su vida, si usted no abre la puerta de su coraz\u00f3n y le invita a entrar.<\/b><\/p>\n<p class=\"parrafos\">Pedirle a Cristo que me salvara de mis pecados y haberle invitando a entrar en mi vida fue la mejor decisi\u00f3n que hice. Mi vida no es perfecta, tengo buenos d\u00edas y malos d\u00edas. \u00a1Pero el gozo, esperanza y paz que el Se\u00f1or Jesucristo me da son lo mejor! Honestamente puedo decir que el nunca me dej\u00f3.&nbsp;<b>\u00a1Muy Buenas Noticias! \u00bfNo?<\/b><\/p>\t\t\t\t\t\t<\/div>\n\t\t\t\t<\/div>\n\t\t\t\t\t<\/div>\n\t\t<\/div>\n\t\t\t\t\t<\/div>\n\t\t<\/section>\n\t\t\t\t<\/div>\n\t\t","protected":false},"excerpt":{"rendered":"<p>El Ant\u00eddoto En estos d\u00edas es muy dif\u00edcil encontrar buenas noticias. Los medios de comunicaci\u00f3n son negativos llenos de malas noticias. Pesimismo est\u00e1 alrededor de nosotros. \u00bfQuieres buenas noticias? Si est\u00e1s dispuesto a tomar unos momentos de su tiempo para leerlas, puedo asegurarle que esto ser\u00e1 la mejor noticia de su vida. Pero para entender &hellip;<\/p>\n<p class=\"read-more\"> <a class=\"\" href=\"https:\/\/www.alfaomegamisiones.com\/es\/el-antidoto\/\"> <span class=\"screen-reader-text\">El ant\u00eddoto<\/span> Leer m\u00e1s &raquo;<\/a><\/p>\n","protected":false},"author":1,"featured_media":0,"parent":0,"menu_order":0,"comment_status":"closed","ping_status":"closed","template":"","meta":{"site-sidebar-layout":"no-sidebar","site-content-layout":"page-builder","ast-global-header-display":"","ast-main-header-display":"","ast-hfb-above-header-display":"","ast-hfb-below-header-display":"","ast-hfb-mobile-header-display":"","site-post-title":"disabled","ast-breadcrumbs-content":"","ast-featured-img":"disabled","footer-sml-layout":"","theme-transparent-header-meta":"default","adv-header-id-meta":"","stick-header-meta":"","header-above-stick-meta":"","header-main-stick-meta":"","header-below-stick-meta":"","footnotes":""},"_links":{"self":[{"href":"https:\/\/www.alfaomegamisiones.com\/es\/wp-json\/wp\/v2\/pages\/4171"}],"collection":[{"href":"https:\/\/www.alfaomegamisiones.com\/es\/wp-json\/wp\/v2\/pages"}],"about":[{"href":"https:\/\/www.alfaomegamisiones.com\/es\/wp-json\/wp\/v2\/types\/page"}],"author":[{"embeddable":true,"href":"https:\/\/www.alfaomegamisiones.com\/es\/wp-json\/wp\/v2\/users\/1"}],"replies":[{"embeddable":true,"href":"https:\/\/www.alfaomegamisiones.com\/es\/wp-json\/wp\/v2\/comments?post=4171"}],"version-history":[{"count":50,"href":"https:\/\/www.alfaomegamisiones.com\/es\/wp-json\/wp\/v2\/pages\/4171\/revisions"}],"predecessor-version":[{"id":4707,"href":"https:\/\/www.alfaomegamisiones.com\/es\/wp-json\/wp\/v2\/pages\/4171\/revisions\/4707"}],"wp:attachment":[{"href":"https:\/\/www.alfaomegamisiones.com\/es\/wp-json\/wp\/v2\/media?parent=4171"}],"curies":[{"name":"wp","href":"https:\/\/api.w.org\/{rel}","templated":true}]}}