{"id":4532,"date":"2022-11-21T13:51:30","date_gmt":"2022-11-21T19:51:30","guid":{"rendered":"https:\/\/www.alfaomegamisiones.com\/es\/?page_id=4532"},"modified":"2022-11-21T19:57:35","modified_gmt":"2022-11-22T01:57:35","slug":"la-pregunta-mas-importante","status":"publish","type":"page","link":"https:\/\/www.alfaomegamisiones.com\/es\/la-pregunta-mas-importante\/","title":{"rendered":"La pregunta m\u00e1s importante de tu vida"},"content":{"rendered":"\t\t<div data-elementor-type=\"wp-page\" data-elementor-id=\"4532\" class=\"elementor elementor-4532\">\n\t\t\t\t\t\t<section class=\"elementor-section elementor-top-section elementor-element elementor-element-4f784cf elementor-section-boxed elementor-section-height-default elementor-section-height-default\" data-id=\"4f784cf\" data-element_type=\"section\">\n\t\t\t\t\t\t<div class=\"elementor-container elementor-column-gap-default\">\n\t\t\t\t\t<div class=\"elementor-column elementor-col-100 elementor-top-column elementor-element elementor-element-510916f\" data-id=\"510916f\" data-element_type=\"column\">\n\t\t\t<div class=\"elementor-widget-wrap elementor-element-populated\">\n\t\t\t\t\t\t<div class=\"elementor-element elementor-element-e7bf7ee elementor-widget elementor-widget-spacer\" data-id=\"e7bf7ee\" data-element_type=\"widget\" data-widget_type=\"spacer.default\">\n\t\t\t\t<div class=\"elementor-widget-container\">\n\t\t\t\t\t<div class=\"elementor-spacer\">\n\t\t\t<div class=\"elementor-spacer-inner\"><\/div>\n\t\t<\/div>\n\t\t\t\t<\/div>\n\t\t\t\t<\/div>\n\t\t\t\t<div class=\"elementor-element elementor-element-6dbef66 elementor-widget elementor-widget-heading\" data-id=\"6dbef66\" data-element_type=\"widget\" data-widget_type=\"heading.default\">\n\t\t\t\t<div class=\"elementor-widget-container\">\n\t\t\t<h4 class=\"elementor-heading-title elementor-size-default\">La pregunta m\u00e1s importante de tu vida<\/h4>\t\t<\/div>\n\t\t\t\t<\/div>\n\t\t\t\t\t<\/div>\n\t\t<\/div>\n\t\t\t\t\t<\/div>\n\t\t<\/section>\n\t\t\t\t<section class=\"elementor-section elementor-top-section elementor-element elementor-element-8f7fdac elementor-section-boxed elementor-section-height-default elementor-section-height-default\" data-id=\"8f7fdac\" data-element_type=\"section\">\n\t\t\t\t\t\t<div class=\"elementor-container elementor-column-gap-default\">\n\t\t\t\t\t<div class=\"elementor-column elementor-col-100 elementor-top-column elementor-element elementor-element-7fa4cee\" data-id=\"7fa4cee\" data-element_type=\"column\">\n\t\t\t<div class=\"elementor-widget-wrap elementor-element-populated\">\n\t\t\t\t\t\t<div class=\"elementor-element elementor-element-9df881a elementor-widget elementor-widget-text-editor\" data-id=\"9df881a\" data-element_type=\"widget\" data-widget_type=\"text-editor.default\">\n\t\t\t\t<div class=\"elementor-widget-container\">\n\t\t\t\t\t\t\t<p class=\"parrafos\">\u00bfSi mueres hoy d\u00f3nde vas? \u00bfCon Dios o con el diablo?<\/p>\n<p class=\"parrafos\">Dios en su Santa Biblia nos dice:<\/p>\n<p class=\"parrafos\">Y de la manera que est\u00e1 establecido a los hombres que mueran una vez, y despu\u00e9s de esto el juicio;\n<br>Hebreos 9:27<\/p>\n<p class=\"parrafos\">Como est\u00e1 escrito: No hay justo, ni aun uno;\u00a0\u00a0\u00a0Romanos 3:10<\/p>\n<p class=\"parrafos\">Por cuanto todos pecaron, y est\u00e1n destituidos de la gloria de Dios.\u00a0\u00a0\u00a0Romanos 3:23<\/p>\n<p class=\"parrafos\">Porque la paga del pecado es muerte, m\u00e1s la d\u00e1diva de Dios es vida eterna en Cristo Jes\u00fas Se\u00f1or nuestro.<br>Romanos 6:23<\/p>\n<p class=\"parrafos\">Mas Dios muestra su amor para con nosotros, en que siendo a\u00fan pecadores, Cristo muri\u00f3 por nosotros.\n<br>Romanos 5:8<\/p>\n<p class=\"parrafos\">Porque de tal manera am\u00f3 Dios al mundo, que ha dado a su Hijo unig\u00e9nito, para que todo aquel que en \u00e9l cree, no se pierda, m\u00e1s tenga vida eterna.\u00a0\u00a0\u00a0Juan 3:16<\/p>\n<p class=\"parrafos\">Que si confesares con tu boca que Jes\u00fas es el Se\u00f1or, y creyeres en tu coraz\u00f3n que Dios le levant\u00f3 de los muertos, ser\u00e1s salvo.\u00a0\u00a0\u00a0Romanos 10:9<\/p>\n<p class=\"parrafos\">Porque todo aquel que invocare el nombre del Se\u00f1or, ser\u00e1 salvo.\u00a0\u00a0\u00a0Romanos 10:13<\/p>\n<p class=\"parrafos\">El que cree en el Hijo tiene vida eterna; pero el que reh\u00fasa creer en el Hijo no ver\u00e1 la vida, sino que la ira de Dios est\u00e1 sobre \u00e9l.\u00a0\u00a0\u00a0Juan 3:36<\/p>\n<p class=\"parrafos\">Porque por gracia sois salvos por medio de la fe; y esto no de vosotros, pues es don de Dios: no por obras, para que nadie se glor\u00ede.\u00a0\u00a0\u00a0Efesios 2:8-9<\/p>\n<p class=\"parrafos\">As\u00ed que, arrepent\u00edos y convert\u00edos, para que sean borrados vuestros pecados; para que vengan de la presencia del Se\u00f1or tiempos de refrigerio.\u00a0\u00a0\u00a0Hechos 3:19<\/p>\n<p class=\"parrafos\">Para ser perdonados de nuestros pecados; existe solamente una esperanza y se llama Jesucristo.<\/p>\n<p class=\"parrafos\">He aqu\u00ed, yo estoy a la puerta y llamo; si alguno oye mi voz y abre la puerta, entrar\u00e9 a \u00e9l, y cenar\u00e9 con \u00e9l, y \u00e9l conmigo.\nApocalipsis 3:20<\/p>\n<p class=\"parrafos\">\u00bfTe gustar\u00eda dar a Dios, el control de tu vida?\nSi t\u00fa quieres ser salvo, haz una oraci\u00f3n como esta:<\/p>\n<p class=\"parrafos\">Oh Dios, ten misericordia de mi un pecador, yo creo que Cristo Jes\u00fas muri\u00f3 por mis pecados en la cruz y tres d\u00edas despu\u00e9s se levant\u00f3 de los muertos y con su ayuda me arrepiento de todos mis pecados, y recibo a Cristo en mi coraz\u00f3n; como mi Salvador y Se\u00f1or. En el nombre de Cristo, amen.<\/p>\t\t\t\t\t\t<\/div>\n\t\t\t\t<\/div>\n\t\t\t\t\t<\/div>\n\t\t<\/div>\n\t\t\t\t\t<\/div>\n\t\t<\/section>\n\t\t\t\t<\/div>\n\t\t","protected":false},"excerpt":{"rendered":"<p>La pregunta m\u00e1s importante de tu vida \u00bfSi mueres hoy d\u00f3nde vas? \u00bfCon Dios o con el diablo? Dios en su Santa Biblia nos dice: Y de la manera que est\u00e1 establecido a los hombres que mueran una vez, y despu\u00e9s de esto el juicio; Hebreos 9:27 Como est\u00e1 escrito: No hay justo, ni aun &hellip;<\/p>\n<p class=\"read-more\"> <a class=\"\" href=\"https:\/\/www.alfaomegamisiones.com\/es\/la-pregunta-mas-importante\/\"> <span class=\"screen-reader-text\">La pregunta m\u00e1s importante de tu vida<\/span> Leer m\u00e1s &raquo;<\/a><\/p>\n","protected":false},"author":1,"featured_media":0,"parent":0,"menu_order":0,"comment_status":"closed","ping_status":"closed","template":"","meta":{"site-sidebar-layout":"no-sidebar","site-content-layout":"page-builder","ast-global-header-display":"","ast-main-header-display":"","ast-hfb-above-header-display":"","ast-hfb-below-header-display":"","ast-hfb-mobile-header-display":"","site-post-title":"disabled","ast-breadcrumbs-content":"","ast-featured-img":"disabled","footer-sml-layout":"","theme-transparent-header-meta":"","adv-header-id-meta":"","stick-header-meta":"","header-above-stick-meta":"","header-main-stick-meta":"","header-below-stick-meta":"","footnotes":""},"_links":{"self":[{"href":"https:\/\/www.alfaomegamisiones.com\/es\/wp-json\/wp\/v2\/pages\/4532"}],"collection":[{"href":"https:\/\/www.alfaomegamisiones.com\/es\/wp-json\/wp\/v2\/pages"}],"about":[{"href":"https:\/\/www.alfaomegamisiones.com\/es\/wp-json\/wp\/v2\/types\/page"}],"author":[{"embeddable":true,"href":"https:\/\/www.alfaomegamisiones.com\/es\/wp-json\/wp\/v2\/users\/1"}],"replies":[{"embeddable":true,"href":"https:\/\/www.alfaomegamisiones.com\/es\/wp-json\/wp\/v2\/comments?post=4532"}],"version-history":[{"count":180,"href":"https:\/\/www.alfaomegamisiones.com\/es\/wp-json\/wp\/v2\/pages\/4532\/revisions"}],"predecessor-version":[{"id":4763,"href":"https:\/\/www.alfaomegamisiones.com\/es\/wp-json\/wp\/v2\/pages\/4532\/revisions\/4763"}],"wp:attachment":[{"href":"https:\/\/www.alfaomegamisiones.com\/es\/wp-json\/wp\/v2\/media?parent=4532"}],"curies":[{"name":"wp","href":"https:\/\/api.w.org\/{rel}","templated":true}]}}